{"id":720,"date":"2016-09-23T18:37:41","date_gmt":"2016-09-23T16:37:41","guid":{"rendered":"http:\/\/www.clamahort.es\/politica-de-cookies\/"},"modified":"2017-09-19T11:55:13","modified_gmt":"2017-09-19T09:55:13","slug":"politica-de-cookies","status":"publish","type":"page","link":"https:\/\/www.clamahort.es\/en\/politica-de-cookies\/","title":{"rendered":"Pol\u00edtica de cookies"},"content":{"rendered":"<article>\n<h1>POL\u00cdTICA DE COOKIES<\/h1>\n<p>Una cookie es una peque\u00f1a informaci\u00f3n enviada por un sitio web y almacenada en el navegador del usuario, de manera que el sitio web puede consultar la actividad previa del usuario.<\/p>\n<p>En este sitio web se utilizan las siguientes cookies que se detallan a continuaci\u00f3n:<\/p>\n<ul>\n<li>cookies estrictamente necesarias para la prestaci\u00f3n de determinados servicios solicitados expresamente por el usuario: si se desactivan estas cookies, no podr\u00e1 recibir correctamente nuestros contenidos y servicios; y<\/li>\n<li>cookies anal\u00edticas, las cuales ayudan a proporionar datos estad\u00edsticos de uso de la web para mejorar en el contenido y servicio que ofrecemos.<\/li>\n<\/ul>\n<p>&nbsp;<\/p>\n<h2>DESACTIVACI\u00d3N DE COOKIES<\/h2>\n<p>El usuario podr\u00e1 -en cualquier momento- elegir qu\u00e9 cookies quiere que funcionen en este sitio web mediante la configuraci\u00f3n del <strong>navegador<\/strong>:<\/p>\n<ul>\n<li><strong>Chrome<\/strong>, desde <a href=\"http:\/\/support.google.com\/chrome\/bin\/answer.py?hl=es&amp;answer=95647\" target=\"_blank\" rel=\"noopener noreferrer\">http:\/\/support.google.com\/chrome\/bin\/answer.py?hl=es&amp;answer=95647 <\/a><\/li>\n<li><strong>Explorer<\/strong>, desde <a href=\"http:\/\/windows.microsoft.com\/es-es\/windows7\/how-to-manage-cookies-in-internet-explorer-9\" target=\"_blank\" rel=\"noopener noreferrer\">http:\/\/windows.microsoft.com\/es-es\/windows7\/how-to-manage-cookies-in-internet-explorer-9<\/a><\/li>\n<li><strong>Firefox<\/strong>, desde <a href=\"http:\/\/support.mozilla.org\/es\/kb\/habilitar-y-deshabilitar-cookies-que-los-sitios-we\" target=\"_blank\" rel=\"noopener noreferrer\">http:\/\/support.mozilla.org\/es\/kb\/habilitar-y-deshabilitar-cookies-que-los-sitios-we<\/a><\/li>\n<li><strong>Safari<\/strong>, desde <a href=\"http:\/\/support.apple.com\/kb\/ph5042\" target=\"_blank\" rel=\"noopener noreferrer\">http:\/\/support.apple.com\/kb\/ph5042<\/a><\/li>\n<\/ul>\n<p>&nbsp;<\/p>\n<\/article>\n","protected":false},"excerpt":{"rendered":"<p>POL\u00cdTICA DE COOKIES Una cookie es una peque\u00f1a informaci\u00f3n enviada por un sitio web y almacenada en el navegador del usuario, de manera que el sitio<span class=\"excerpt-hellip\"> [\u2026]<\/span><\/p>\n","protected":false},"author":1,"featured_media":0,"parent":0,"menu_order":99,"comment_status":"closed","ping_status":"closed","template":"","meta":[],"_links":{"self":[{"href":"https:\/\/www.clamahort.es\/en\/wp-json\/wp\/v2\/pages\/720"}],"collection":[{"href":"https:\/\/www.clamahort.es\/en\/wp-json\/wp\/v2\/pages"}],"about":[{"href":"https:\/\/www.clamahort.es\/en\/wp-json\/wp\/v2\/types\/page"}],"author":[{"embeddable":true,"href":"https:\/\/www.clamahort.es\/en\/wp-json\/wp\/v2\/users\/1"}],"replies":[{"embeddable":true,"href":"https:\/\/www.clamahort.es\/en\/wp-json\/wp\/v2\/comments?post=720"}],"version-history":[{"count":1,"href":"https:\/\/www.clamahort.es\/en\/wp-json\/wp\/v2\/pages\/720\/revisions"}],"predecessor-version":[{"id":741,"href":"https:\/\/www.clamahort.es\/en\/wp-json\/wp\/v2\/pages\/720\/revisions\/741"}],"wp:attachment":[{"href":"https:\/\/www.clamahort.es\/en\/wp-json\/wp\/v2\/media?parent=720"}],"curies":[{"name":"wp","href":"https:\/\/api.w.org\/{rel}","templated":true}]}}