{"id":719,"date":"2016-09-23T18:36:17","date_gmt":"2016-09-23T16:36:17","guid":{"rendered":"http:\/\/www.clamahort.es\/aviso-legal\/"},"modified":"2017-09-19T11:55:17","modified_gmt":"2017-09-19T09:55:17","slug":"aviso-legal","status":"publish","type":"page","link":"https:\/\/www.clamahort.es\/en\/aviso-legal\/","title":{"rendered":"Aviso legal"},"content":{"rendered":"<h2 style=\"text-align: justify;\"><strong>Pol\u00edtica de privacidad y condiciones de uso<\/strong><\/h2>\n<p style=\"text-align: justify;\">CLAMAHORT, CLAUSICH MAQUINARIA HORTOFRUT\u00cdCOLA S.L., informa acerca de las Condiciones Generales de Los Portales de su propiedad (en adelante &#8220;Los Portales&#8221;).<\/p>\n<h3 style=\"text-align: justify;\"><strong>COPYRIGHT<\/strong><\/h3>\n<p style=\"text-align: justify;\">Los Portales en todo su contenido: texto, im\u00e1genes, marcas comerciales, logotipos, archivos de audio y video, botones, archivos de software, bases de datos, combinaciones de colores, as\u00ed como la estructura, selecci\u00f3n, ordenaci\u00f3n y presentaci\u00f3n de sus contenidos; se encuentran protegidos por las leyes espa\u00f1olas e internacionales sobre Propiedad Intelectual e Industrial. Ni a\u00fan citando la fuente, no podr\u00e1 ser reproducido ni en todo ni en parte, ni transmitido, ni registrado por ning\u00fan sistema de recuperaci\u00f3n de informaci\u00f3n, en ninguna forma ni por ning\u00fan medio, sin el permiso expreso y por escrito de CLAMAHORT, CLAUSICH MAQUINARIA HORTOFRUT\u00cdCOLA S.L.<\/p>\n<p style=\"text-align: justify;\">CLAMAHORT, CLAUSICH MAQUINARIA HORTOFRUT\u00cdCOLA S.L., se reserva el derecho de modificar el contenido de Los Portales en todo o en parte sin previo aviso.<\/p>\n<p style=\"text-align: justify;\">Las citas referidas a las fuentes de determinados contenidos no implican en modo alguno una relaci\u00f3n con la persona jur\u00eddica o f\u00edsica identificada en la misma.<\/p>\n<h3 style=\"text-align: justify;\"><strong>LIMITACI\u00d3N DE RESPONSABILIDAD<\/strong><\/h3>\n<p style=\"text-align: justify;\">Los links,(deep linking, hyperlinks e hypertext, en adelante Enlace), que se hagan por terceros, a las p\u00e1ginas web de Los Portales, est\u00e1n condicionados a la autorizaci\u00f3n expresa y escrita de CLAMAHORT, CLAUSICH MAQUINARIA HORTOFRUT\u00cdCOLA S.L.,.<\/p>\n<p style=\"text-align: justify;\">Queda terminantemente prohibida la inclusi\u00f3n de los contenidos de Los Portales propiedad de CLAMAHORT, CLAUSICH MAQUINARIA HORTOFRUT\u00cdCOLA S.L. en los marcos o ventanas (frame) de terceros portales, as\u00ed como la inclusi\u00f3n, en el apartado de palabras clave (meta-tag key word section), de las marcas, nombres u otros signos distintivos referentes a CLAMAHORT, CLAUSICH MAQUINARIA HORTOFRUT\u00cdCOLA S.L.<\/p>\n<p style=\"text-align: justify;\">CLAMAHORT, CLAUSICH MAQUINARIA HORTOFRUT\u00cdCOLA S.L. no comparte necesariamente, las opiniones ni los contenidos aportados por los colaboradores del Portal, excepto los que provengan de sus propias fuentes.<\/p>\n<p style=\"text-align: justify;\">El usuario se compromete a utilizar la p\u00e1gina y los servicios de conformidad con la Ley, as\u00ed como con la moral y buenas costumbres generalmente aceptadas y el orden p\u00fablico CLAMAHORT, CLAUSICH MAQUINARIA HORTOFRUT\u00cdCOLA S.L. no se hace responsable del uso ileg\u00edtimo que terceras personas puedan hacer de los nombres de marca, nombres de producto, marcas comerciales o marcas comerciales registradas que, no siendo propiedad de dicha entidad, aparezca en Los Portales.<\/p>\n<p style=\"text-align: justify;\">Todo conflicto jur\u00eddico que se derive respecto de Los Portales propiedad de CLAMAHORT, CLAUSICH MAQUINARIA HORTOFRUT\u00cdCOLA S.L. se regir\u00e1 por la legislaci\u00f3n espa\u00f1ola, renunciando expresamente, las partes al fuero que les corresponda y someti\u00e9ndose a los Juzgados y Tribunales de Valencia.<\/p>\n<h3 style=\"text-align: justify;\"><strong>POL\u00cdTICA DE PRIVACIDAD<\/strong><\/h3>\n<p style=\"text-align: justify;\">Conforme a los t\u00e9rminos establecidos en la Ley Org\u00e1nica 15\/1999 de Protecci\u00f3n de Datos de Car\u00e1cter Personal, consiente que los datos personales que nos proporcione ser\u00e1n incorporados a un fichero creado por CLAMAHORT, CLAUSICH MAQUINARIA HORTOFRUT\u00cdCOLA S.L. dotado de las medidas de seguridad que garanticen su confidencialidad, con el fin de facilitar una correcta relaci\u00f3n contractual con esta entidad as\u00ed como para informarle de los productos o servicios que CLAMAHORT, CLAUSICH MAQUINARIA HORTOFRUT\u00cdCOLA S.L. tenga intenci\u00f3n de sacar al mercado.<\/p>\n<p style=\"text-align: justify;\">Conforme a la LEY ORG\u00c1NICA 15\/1999, de 13 de diciembre, de Protecci\u00f3n de Datos de Car\u00e1cter Personal, informamos al interesado (en adelante &#8220;usuario&#8221;) que los datos personales suministrados de forma libre, voluntaria e inequ\u00edvoca en los &#8220;formularios de solicitud de alta &#8221; (en adelante &#8220;el Formulario&#8221;) de alguno de los servicios del portal, son tratados de forma automatizada para su posterior incorporaci\u00f3n a un fichero dentro de un entorno inform\u00e1ticamente seguro, siendo su titular y responsable CLAMAHORT, CLAUSICH MAQUINARIA HORTOFRUT\u00cdCOLA S.L., con direcci\u00f3n en Ctra. Garrofera d\u2019Alzira, s\/n Massalav\u00e9s (C.P. 46292) &#8211; Valencia.<\/p>\n<p style=\"text-align: justify;\">CLAMAHORT, CLAUSICH MAQUINARIA HORTOFRUT\u00cdCOLA S.L., act\u00faa de acuerdo a lo estipulado en el Reglamento de medidas de seguridad (REAL DECRETO 994\/1999, de 11 de junio) de los ficheros automatizados de car\u00e1cter personal. La finalidad de los ficheros es la obtenci\u00f3n de los datos personales m\u00ednimos que permitan la identificaci\u00f3n de la persona f\u00edsica que solicita los distintos servicios del Portal con el objetivo de formalizar la relaci\u00f3n contractual cuando as\u00ed est\u00e9 contemplado y la posibilidad de adecuar los servicios del Portal al perfil que aqu\u00e9l exprese en el Formulario, adem\u00e1s de crear una comunidad de profesionales asociados al Portal.<\/p>\n<p style=\"text-align: justify;\">El Usuario debe mantener actualizados los datos personales suministrados en el Formulario y tiene el derecho de acceso, rectificaci\u00f3n, cancelaci\u00f3n y oposici\u00f3n as\u00ed como el derecho de informaci\u00f3n de sus datos personales recogidos en el fichero enviando una solicitud certificada &#8220;protecci\u00f3n de datos&#8221;, incluyendo nombre, apellidos, correo electr\u00f3nico y Documento Nacional de Identidad expresando las instrucciones oportunas.<\/p>\n<p style=\"text-align: justify;\">CLAMAHORT, CLAUSICH MAQUINARIA HORTOFRUT\u00cdCOLA S.L. no se hace responsable de la veracidad de los datos personales recogidos en el Formulario que hayan sido suministrados por menores de edad o por terceros, en consecuencia CLAMAHORT, CLAUSICH MAQUINARIA HORTOFRUT\u00cdCOLA S.L. se reserva el derecho de anular cualquier servicio relacionado con dicho Usuario. CLAMAHORT, CLAUSICH MAQUINARIA HORTOFRUT\u00cdCOLA S.L. se reserva el derecho a modificar el contenido de la Pol\u00edtica de Privacidad, en funci\u00f3n de las novedades legislativas y tecnol\u00f3gicas que as\u00ed lo exijan.<\/p>\n<p style=\"text-align: justify;\"><a href=\"http:\/\/www.agpd.es\">http:\/\/www.agpd.es<\/a><\/p>\n<p style=\"text-align: justify;\">La utilizaci\u00f3n de Los Portales propiedad de CLAMAHORT, CLAUSICH MAQUINARIA HORTOFRUT\u00cdCOLA S.L. implica la aceptaci\u00f3n de las anteriores Condiciones Generales de Uso y la Pol\u00edtica de Privacidad.<\/p>\n","protected":false},"excerpt":{"rendered":"<p>Pol\u00edtica de privacidad y condiciones de uso CLAMAHORT, CLAUSICH MAQUINARIA HORTOFRUT\u00cdCOLA S.L., informa acerca de las Condiciones Generales de Los Portales de su propiedad (en adelante<span class=\"excerpt-hellip\"> [\u2026]<\/span><\/p>\n","protected":false},"author":1,"featured_media":0,"parent":0,"menu_order":99,"comment_status":"closed","ping_status":"closed","template":"","meta":[],"_links":{"self":[{"href":"https:\/\/www.clamahort.es\/en\/wp-json\/wp\/v2\/pages\/719"}],"collection":[{"href":"https:\/\/www.clamahort.es\/en\/wp-json\/wp\/v2\/pages"}],"about":[{"href":"https:\/\/www.clamahort.es\/en\/wp-json\/wp\/v2\/types\/page"}],"author":[{"embeddable":true,"href":"https:\/\/www.clamahort.es\/en\/wp-json\/wp\/v2\/users\/1"}],"replies":[{"embeddable":true,"href":"https:\/\/www.clamahort.es\/en\/wp-json\/wp\/v2\/comments?post=719"}],"version-history":[{"count":1,"href":"https:\/\/www.clamahort.es\/en\/wp-json\/wp\/v2\/pages\/719\/revisions"}],"predecessor-version":[{"id":742,"href":"https:\/\/www.clamahort.es\/en\/wp-json\/wp\/v2\/pages\/719\/revisions\/742"}],"wp:attachment":[{"href":"https:\/\/www.clamahort.es\/en\/wp-json\/wp\/v2\/media?parent=719"}],"curies":[{"name":"wp","href":"https:\/\/api.w.org\/{rel}","templated":true}]}}